{"id":2257,"date":"2026-02-02T13:50:17","date_gmt":"2026-02-02T13:50:17","guid":{"rendered":"https:\/\/inges.org.br\/remume\/?page_id=2257"},"modified":"2026-02-02T14:02:18","modified_gmt":"2026-02-02T14:02:18","slug":"ibatiba","status":"publish","type":"page","link":"https:\/\/inges.org.br\/remume\/ibatiba\/","title":{"rendered":"Ibatiba"},"content":{"rendered":"\t\t<div data-elementor-type=\"wp-page\" data-elementor-id=\"2257\" class=\"elementor elementor-2257\">\n\t\t\t\t\t\t<section class=\"elementor-section elementor-top-section elementor-element elementor-element-7c09097 elementor-section-boxed elementor-section-height-default elementor-section-height-default\" data-id=\"7c09097\" data-element_type=\"section\" data-e-type=\"section\">\n\t\t\t\t\t\t<div class=\"elementor-container elementor-column-gap-default\">\n\t\t\t\t\t<div class=\"elementor-column elementor-col-100 elementor-top-column elementor-element elementor-element-9653ffb\" data-id=\"9653ffb\" data-element_type=\"column\" data-e-type=\"column\">\n\t\t\t<div class=\"elementor-widget-wrap elementor-element-populated\">\n\t\t\t\t\t\t<div class=\"elementor-element elementor-element-5787b90 elementor-widget elementor-widget-wp-widget-widget_pvc_stats\" data-id=\"5787b90\" data-element_type=\"widget\" data-e-type=\"widget\" data-widget_type=\"wp-widget-widget_pvc_stats.default\">\n\t\t\t\t<div class=\"elementor-widget-container\">\n\t\t\t\t\t<div class=\"pvc_clear\"><\/div><p id=\"pvc_stats_2257\" class=\"pvc_stats all  \" data-element-id=\"2257\"><i class=\"pvc-stats-icon medium\" aria-hidden=\"true\"><\/i> <img decoding=\"async\" width=\"16\" height=\"16\" alt=\"Loading\" src=\"https:\/\/inges.org.br\/remume\/wp-content\/plugins\/page-views-count\/ajax-loader-2x.gif\" border=\"0\" \/><\/p><div class=\"pvc_clear\"><\/div>\t\t\t\t<\/div>\n\t\t\t\t<\/div>\n\t\t\t\t\t<\/div>\n\t\t<\/div>\n\t\t\t\t\t<\/div>\n\t\t<\/section>\n\t\t\t\t<section class=\"elementor-section elementor-top-section elementor-element elementor-element-f2a4577 elementor-section-boxed elementor-section-height-default elementor-section-height-default\" data-id=\"f2a4577\" data-element_type=\"section\" data-e-type=\"section\" data-settings=\"{&quot;background_background&quot;:&quot;classic&quot;}\">\n\t\t\t\t\t\t<div class=\"elementor-container elementor-column-gap-default\">\n\t\t\t\t\t<div class=\"elementor-column elementor-col-50 elementor-top-column elementor-element elementor-element-a23b74a\" data-id=\"a23b74a\" data-element_type=\"column\" data-e-type=\"column\">\n\t\t\t<div class=\"elementor-widget-wrap elementor-element-populated\">\n\t\t\t\t\t\t<section class=\"elementor-section elementor-inner-section elementor-element elementor-element-0873234 elementor-section-boxed elementor-section-height-default elementor-section-height-default\" data-id=\"0873234\" data-element_type=\"section\" data-e-type=\"section\">\n\t\t\t\t\t\t<div class=\"elementor-container elementor-column-gap-default\">\n\t\t\t\t\t<div class=\"elementor-column elementor-col-50 elementor-inner-column elementor-element elementor-element-53690af\" data-id=\"53690af\" data-element_type=\"column\" data-e-type=\"column\">\n\t\t\t<div class=\"elementor-widget-wrap elementor-element-populated\">\n\t\t\t\t\t\t<div class=\"elementor-element elementor-element-1bf600c elementor-widget elementor-widget-text-editor\" data-id=\"1bf600c\" data-element_type=\"widget\" data-e-type=\"widget\" data-widget_type=\"text-editor.default\">\n\t\t\t\t<div class=\"elementor-widget-container\">\n\t\t\t\t\t\t\t\t\t<p><img fetchpriority=\"high\" decoding=\"async\" class=\"alignnone wp-image-2263 size-full\" src=\"https:\/\/inges.org.br\/remume\/wp-content\/uploads\/2026\/02\/QR-Code-Ibatiba.jpg\" alt=\"\" width=\"289\" height=\"292\" \/><\/p>\t\t\t\t\t\t\t\t<\/div>\n\t\t\t\t<\/div>\n\t\t\t\t\t<\/div>\n\t\t<\/div>\n\t\t\t\t<div class=\"elementor-column elementor-col-50 elementor-inner-column elementor-element elementor-element-2c14458\" data-id=\"2c14458\" data-element_type=\"column\" data-e-type=\"column\">\n\t\t\t<div class=\"elementor-widget-wrap elementor-element-populated\">\n\t\t\t\t\t\t<div class=\"elementor-element elementor-element-b5af587 elementor-widget elementor-widget-text-editor\" data-id=\"b5af587\" data-element_type=\"widget\" data-e-type=\"widget\" data-widget_type=\"text-editor.default\">\n\t\t\t\t<div class=\"elementor-widget-container\">\n\t\t\t\t\t\t\t\t\t<h2>Acesso via QR Code da p\u00e1gina<\/h2>\n<p>\u00a0<\/p>\t\t\t\t\t\t\t\t<\/div>\n\t\t\t\t<\/div>\n\t\t\t\t<div class=\"elementor-element elementor-element-c01339b elementor-widget elementor-widget-text-editor\" data-id=\"c01339b\" data-element_type=\"widget\" data-e-type=\"widget\" data-widget_type=\"text-editor.default\">\n\t\t\t\t<div class=\"elementor-widget-container\">\n\t\t\t\t\t\t\t\t\t<p style=\"text-align: left;\">Clique na imagem para ampliar ou compartilhar em suas redes sociais<\/p>\t\t\t\t\t\t\t\t<\/div>\n\t\t\t\t<\/div>\n\t\t\t\t\t<\/div>\n\t\t<\/div>\n\t\t\t\t\t<\/div>\n\t\t<\/section>\n\t\t\t\t\t<\/div>\n\t\t<\/div>\n\t\t\t\t<div class=\"elementor-column elementor-col-50 elementor-top-column elementor-element elementor-element-f5ebf69\" data-id=\"f5ebf69\" data-element_type=\"column\" data-e-type=\"column\">\n\t\t\t<div class=\"elementor-widget-wrap elementor-element-populated\">\n\t\t\t\t\t\t<div class=\"elementor-element elementor-element-a9d3934 elementor-widget elementor-widget-heading\" data-id=\"a9d3934\" data-element_type=\"widget\" data-e-type=\"widget\" data-widget_type=\"heading.default\">\n\t\t\t\t<div class=\"elementor-widget-container\">\n\t\t\t\t\t<h2 class=\"elementor-heading-title elementor-size-default\">Como chegar<\/h2>\t\t\t\t<\/div>\n\t\t\t\t<\/div>\n\t\t\t\t<div class=\"elementor-element elementor-element-240feb1 elementor-widget elementor-widget-google_maps\" data-id=\"240feb1\" data-element_type=\"widget\" data-e-type=\"widget\" data-widget_type=\"google_maps.default\">\n\t\t\t\t<div class=\"elementor-widget-container\">\n\t\t\t\t\t\t\t<div class=\"elementor-custom-embed\">\n\t\t\t<iframe loading=\"lazy\"\n\t\t\t\t\tsrc=\"https:\/\/maps.google.com\/maps?q=Hospital%20e%20Maternidade%20Municipal%20Dr%20Ubirajara%20Faria%20Lopes.%20Endere%C3%A7o%3A%20Rua%20David%20Gomes%20-%20Novo%20Horizonte%2C%20Ibatiba%20-%20ES%2C%20CEP%3A%2029395-000&#038;t=m&#038;z=17&#038;output=embed&#038;iwloc=near\"\n\t\t\t\t\ttitle=\"Hospital e Maternidade Municipal Dr Ubirajara Faria Lopes. Endere\u00e7o: Rua David Gomes - Novo Horizonte, Ibatiba - ES, CEP: 29395-000\"\n\t\t\t\t\taria-label=\"Hospital e Maternidade Municipal Dr Ubirajara Faria Lopes. Endere\u00e7o: Rua David Gomes - Novo Horizonte, Ibatiba - ES, CEP: 29395-000\"\n\t\t\t><\/iframe>\n\t\t<\/div>\n\t\t\t\t\t\t<\/div>\n\t\t\t\t<\/div>\n\t\t\t\t\t<\/div>\n\t\t<\/div>\n\t\t\t\t\t<\/div>\n\t\t<\/section>\n\t\t\t\t<section class=\"elementor-section elementor-top-section elementor-element elementor-element-6730b32 elementor-section-boxed elementor-section-height-default elementor-section-height-default\" data-id=\"6730b32\" data-element_type=\"section\" data-e-type=\"section\">\n\t\t\t\t\t\t<div class=\"elementor-container elementor-column-gap-default\">\n\t\t\t\t\t<div class=\"elementor-column elementor-col-100 elementor-top-column elementor-element elementor-element-00561a5\" data-id=\"00561a5\" data-element_type=\"column\" data-e-type=\"column\">\n\t\t\t<div class=\"elementor-widget-wrap elementor-element-populated\">\n\t\t\t\t\t\t<div class=\"elementor-element elementor-element-6e4c19c elementor-widget elementor-widget-heading\" data-id=\"6e4c19c\" data-element_type=\"widget\" data-e-type=\"widget\" data-widget_type=\"heading.default\">\n\t\t\t\t<div class=\"elementor-widget-container\">\n\t\t\t\t\t<h2 class=\"elementor-heading-title elementor-size-default\">Lista do REMUME:<\/h2>\t\t\t\t<\/div>\n\t\t\t\t<\/div>\n\t\t\t\t<div class=\"elementor-element elementor-element-7e4f4a4 elementor-widget elementor-widget-text-editor\" data-id=\"7e4f4a4\" data-element_type=\"widget\" data-e-type=\"widget\" data-widget_type=\"text-editor.default\">\n\t\t\t\t<div class=\"elementor-widget-container\">\n\t\t\t\t\t\t\t\t\t<p>ATEN\u00c7\u00c3O: Esta \u00e9 uma lista geral de medicamentos normalmente disponibilizados pelo munic\u00edpio, a disponibilidade de estoque dever\u00e1 ser consultada diretamente no local<\/p>\t\t\t\t\t\t\t\t<\/div>\n\t\t\t\t<\/div>\n\t\t\t\t\t<\/div>\n\t\t<\/div>\n\t\t\t\t\t<\/div>\n\t\t<\/section>\n\t\t\t\t<section class=\"elementor-section elementor-top-section elementor-element elementor-element-a8bcdfb elementor-section-boxed elementor-section-height-default elementor-section-height-default\" data-id=\"a8bcdfb\" data-element_type=\"section\" data-e-type=\"section\" data-settings=\"{&quot;background_background&quot;:&quot;classic&quot;}\">\n\t\t\t\t\t\t<div class=\"elementor-container elementor-column-gap-default\">\n\t\t\t\t\t<div class=\"elementor-column elementor-col-100 elementor-top-column elementor-element elementor-element-cf72a2d\" data-id=\"cf72a2d\" data-element_type=\"column\" data-e-type=\"column\">\n\t\t\t<div class=\"elementor-widget-wrap elementor-element-populated\">\n\t\t\t\t\t\t<div class=\"elementor-element elementor-element-108289f elementor-widget elementor-widget-text-editor\" data-id=\"108289f\" data-element_type=\"widget\" data-e-type=\"widget\" data-widget_type=\"text-editor.default\">\n\t\t\t\t<div class=\"elementor-widget-container\">\n\t\t\t\t\t\t\t\t\t<h5 style=\"text-align: center;\"><strong><span id=\"page3R_mcid1\" class=\"markedContent\" style=\"color: #ffffff;\"><span dir=\"ltr\" style=\"left: 282.433px; top: 178.075px; font-size: 18.4px; font-family: sans-serif; transform: scaleX(0.861963);\" role=\"presentation\">RELA\u00c7\u00c3O MUNICIPAL DE MEDICAMENTO <br \/><\/span><\/span><\/strong><\/h5>\t\t\t\t\t\t\t\t<\/div>\n\t\t\t\t<\/div>\n\t\t\t\t<section class=\"elementor-section elementor-inner-section elementor-element elementor-element-7fa9e17 elementor-section-boxed elementor-section-height-default elementor-section-height-default\" data-id=\"7fa9e17\" data-element_type=\"section\" data-e-type=\"section\">\n\t\t\t\t\t\t<div class=\"elementor-container elementor-column-gap-default\">\n\t\t\t\t\t<div class=\"elementor-column elementor-col-50 elementor-inner-column elementor-element elementor-element-bbae1aa\" data-id=\"bbae1aa\" data-element_type=\"column\" data-e-type=\"column\">\n\t\t\t<div class=\"elementor-widget-wrap elementor-element-populated\">\n\t\t\t\t\t\t<div class=\"elementor-element elementor-element-e5115e7 elementor-widget elementor-widget-text-editor\" data-id=\"e5115e7\" data-element_type=\"widget\" data-e-type=\"widget\" data-widget_type=\"text-editor.default\">\n\t\t\t\t<div class=\"elementor-widget-container\">\n\t\t\t\t\t\t\t\t\t<ul><li><p>ACICLOVIR 200MG | Comprimido<\/p><\/li><li><p>ACIDO ACETIL SALICILICO 100MG | Comprimido<\/p><\/li><li><p>ACIDO FOLICO 0,2 MG\/ML 30 ML<\/p><\/li><li><p>ACIDO FOLICO 5MG CP<\/p><\/li><li><p>ACIDO VALPROICO 250\/5ML | Frasco 100 ml<\/p><\/li><li><p>AGULHA PARA CANETA DE INSULINA<\/p><\/li><li><p>ALBENDAZOL 400MG CP | Comprimido<\/p><\/li><li><p>ALBENDAZOL 40MG\/ML SUSP.ORAL 10ML | Frasco 10 ml<\/p><\/li><li><p>ALENDRONATO DE SODIO 70MG CP | Comprimido<\/p><\/li><li><p>ALGESTONA + ESTRADIOL (150+ 10 MG)\/ML AMP<\/p><\/li><li><p>ALPRAZOLAM 1MG | Comprimido<\/p><\/li><li><p>ALPRAZOLAM 2MG | Comprimido<\/p><\/li><li><p>AMBROXOL 15MG\/5ML XPE PED<\/p><\/li><li><p>AMBROXOL 30MG\/5ML XPE ADULTO<\/p><\/li><li><p>AMITRIPTILINA 25MG | Comprimido<\/p><\/li><li><p>AMOXICILINA + CLAVULANATO 50MG\/ML +12,5MG\/ML<\/p><\/li><li><p>AMOXICILINA 500MG | Comprimido<\/p><\/li><li><p>AMOXICILINA 50MG\/ML SUSP.ORAL 60ML | Frasco 60 ml<\/p><\/li><li><p>ANLODIPINO 5MG CP | Comprimido<\/p><\/li><li><p>ATENOLOL 50MG CP | Comprimido<\/p><\/li><li><p>AZITROMICINA 40MG\/ML SUSP.ORAL 15ML | Frasco 600mg<\/p><\/li><li><p>AZITROMICINA 500MG CP | Comprimido<\/p><\/li><li><p>BIPERIDENO 2MG CP<\/p><\/li><li><p>BISSULFATO DE CLOPIDOGREL 75MG | Comprimido<\/p><\/li><li><p>BROMAZEPAM 3MG<\/p><\/li><li><p>BROMAZEPAM 6MG<\/p><\/li><li><p>BROMOPRIDA GOTAS<\/p><\/li><li><p>CARBAMAZEPINA 200MG CP | Comprimido<\/p><\/li><li><p>CARBAMAZEPINA 20MG\/ML XAROPE FR. 100 ML | Frasco 100 ml<\/p><\/li><li><p>CARBAMAZEPINA 400 MG CP | Comprimido<\/p><\/li><li><p>CARBONATO DE LITIO 300MG | Comprimido<\/p><\/li><li><p>CEFALEXINA 250MG\/5ML SUSP.ORAL 60 ML | Frasco 60 ml<\/p><\/li><li><p>CEFALEXINA 500MG | Comprimido<\/p><\/li><li><p>CETOCONAZOL 20 MG\/G\u00a0 CR DERMATOL\u00d3GICO 30 G.<\/p><\/li><li><p>CIPROFLOXACINO 500MG CP | Comprimido<\/p><\/li><li><p>CITALOPRAM 20MG<\/p><\/li><li><p>CLOBAZAM 10 MG<\/p><\/li><li><p>CLOBAZAM 20 MG<\/p><\/li><li><p>CLONAZEPAM 0,5 MG CP<\/p><\/li><li><p>CLONAZEPAM 2,0 MG CP<\/p><\/li><li><p>CLONAZEPAM 2,5MG\/ML | Frasco 20 ml<\/p><\/li><li><p>CLORIDRATO DE SERTRALINA 25MG | Comprimido<\/p><\/li><li><p>CLORIDRATO DE SERTRALINA 50MG CP | Comprimido<\/p><\/li><li><p>CLORIDRATO DE VENLAFAXINA 75 MG | Comprimido<\/p><\/li><li><p>CLORIDRATO VENLAFAXINA 150MG | C\u00e1psula<\/p><\/li><li><p>CLORPROMAZINA 100 MG CP | Comprimido<\/p><\/li><li><p>CLORPROMAZINA 25 MG CP | Comprimido<\/p><\/li><li><p>CLORPROMAZINA 40MG\/ML | Frasco 20 ml<\/p><\/li><li><p>COMPLEXO B CP<\/p><\/li><li><p>DEXAMETASONA 0,1MG\/ML SOL.ORAL 120ML | Frasco 100 ml<\/p><\/li><li><p>DEXAMETASONA CREME<\/p><\/li><li><p>DEXCLORFENIRAMINA 0,4MG\/ML SOL.ORAL 100ML | Frasco 100 ml<\/p><\/li><li><p>DIAZEPAM 10MG | Comprimido<\/p><\/li><li><p>DIGOXINA\u00a0 0,25 MG CP | Comprimido<\/p><\/li><li><p>DIPIRONA 500MG CP | Comprimido<\/p><\/li><li><p>DIPIRONA 500MG\/ML SOL.ORAL 10ML | Frasco 10 ml<\/p><\/li><li><p>DISPOSITIVO INTRA UTERINO DE COBRE (DIU)<\/p><\/li><li><p>ENANTATO DE NORETISTERONA + VALERATO DE ESTRADIOL 50+5MG\/ML (MESIGYNA, NOREGYNA) PA<\/p><\/li><li><p>ESCITALOPRAM 10 MG<\/p><\/li><li><p>ESCITALOPRAM 20MG<\/p><\/li><li><p>ESCOPOLAMINA + DIPIRONA 10+250 MG (BUSCOPAN COMPOSTO) CP | Comprimido<\/p><\/li><li><p>ESCOPOLAMINA SOL.ORAL 10ML (BUSCOPAN SIMPLES)<\/p><\/li><li><p>FENITOINA 100MG CP | Comprimido<\/p><\/li><li><p>FENOBARBITAL 100 MG CP | Comprimido<\/p><\/li><li><p>FENOBARBITAL 40 MG\/ML SOL. ORAL 20 ML | Frasco 20 ml<\/p><\/li><li><p>FLUCONAZOL 150MG CP | C\u00e1psula<\/p><\/li><li><p>FLUOXETINA 20 MG CP | C\u00e1psula<\/p><\/li><li><p>FOSFATO SODICO DE PREDNISOLONA 3MG\/ML | Frasco 60 ml<\/p><\/li><li><p>FUROSEMIDA 40 MG CP | Comprimido<\/p><\/li><li><p>GLICLAZIDA 30 MG<\/p><\/li><li><p>GLICLAZIDA 60 MG<\/p><\/li><li><p>HALOPERIDOL 1 MG CP | Comprimido<\/p><\/li><li><p>HALOPERIDOL 5 MG CP | Comprimido<\/p><\/li><li><p>HIDROXIDO DE ALUMINIO<\/p><\/li><li><p>IBUPROFENO 50MG\/ML SOL.ORAL 30ML | Frasco 30 ml<\/p><\/li><li><p>IBUPROFENO 600MG | Comprimido<\/p><\/li><li><p>IMIPRAMINA 25 MG CP<\/p><\/li><li><p>INSULINA HUMANA NPH 100UI\/ML SUSP. INJ | Frasco-ampola 10 ml<\/p><\/li><li><p>INSULINA HUMANA REGULAR 100UI\/ML SUSP. INJ | Frasco-ampola 10 ml<\/p><\/li><li><p>IVERMECTINA 6 MG COMP | Comprimido<\/p><\/li><li><p>LANCETA GLICO-TESTE<\/p><\/li><li><p>LEVOFLOXACINO 500MG | Comprimido<\/p><\/li><\/ul>\t\t\t\t\t\t\t\t<\/div>\n\t\t\t\t<\/div>\n\t\t\t\t\t<\/div>\n\t\t<\/div>\n\t\t\t\t<div class=\"elementor-column elementor-col-50 elementor-inner-column elementor-element elementor-element-17fb48b\" data-id=\"17fb48b\" data-element_type=\"column\" data-e-type=\"column\">\n\t\t\t<div class=\"elementor-widget-wrap elementor-element-populated\">\n\t\t\t\t\t\t<div class=\"elementor-element elementor-element-348a608 elementor-widget elementor-widget-text-editor\" data-id=\"348a608\" data-element_type=\"widget\" data-e-type=\"widget\" data-widget_type=\"text-editor.default\">\n\t\t\t\t<div class=\"elementor-widget-container\">\n\t\t\t\t\t\t\t\t\t<ul><li>LEVONORGESTREL 0,15MG + 0,03MG ETINILESTRADIOL (CICLO 21, MICROVILAR, NOCICLIN, CICLOFEME, NORDETTE) | Cartela<\/li><li>LEVONORGESTREL 0,75<\/li><li>LEVOTIROXINA SODICA 100 MCG<\/li><li>LEVOTIROXINA SODICA 25 MCG<\/li><li>LEVOTIROXINA SODICA 50 MCG<\/li><li>LORATADINA 10 MG CP | Comprimido<\/li><li>LORATADINA 1MG\/ML SOL.ORAL 100ML | Frasco 100 ml<\/li><li>MEBENDAZOL 100MG<\/li><li>MEBENDAZOL SUSP. ORAL 20MG\/ML<\/li><li>MEDROXIPROGESTERONA, ACETATO 150MG\/ML INJ. (DEPO PROVERA,DEMEDROX) | Ampola 1 ml<\/li><li>METILDOPA 250MG | Comprimido<\/li><li>METILDOPA 500MG<\/li><li>METOCLOPRAMIDA 10 MG COMP | Comprimido<\/li><li>METOCLOPRAMIDA, CLORIDRATO 4 MG\/ML SOL.ORAL GOTAS | Frasco 10 ml<\/li><li>METOPROLOL SUCCINATO 100 MG<\/li><li>METOPROLOL SUCCINATO 50 MG<\/li><li>METRONIDAZOL 250MG CP | Comprimido<\/li><li>METRONIDAZOL 40MG\/ML SUSP.ORAL 100ML | Frasco 100 ml<\/li><li>METRONIDAZOL CREME VAGINAL | Bisnaga 50 g<\/li><li>MIRTAZAPINA 30 MG<\/li><li>NEOMICINA + BACITRACINA POMADA<\/li><li>NIFEDIPINO 10MG CP | Comprimido<\/li><li>NIMESULIDA 100MG CP | Comprimido<\/li><li>NIMESULIDA GOTAS | Frasco 15 ml<\/li><li>NISTATINA 100.000UI\/ML SUSP.ORAL 30ML | Frasco 30 ml<\/li><li>NISTATINA CREME VAGINAL<\/li><li>NITRAZEPAM 5MG<\/li><li>NITROFURANTOINA 100 MG COMP<\/li><li>NORETISTERONA 0,35MG (MICRONOR, NORESTIN) | Cartela<\/li><li>OMEPRAZOL 20MG CAP | C\u00e1psula<\/li><li>OXCARBAZEPINA 300MG<\/li><li>OXCARBAZEPINA 600MG<\/li><li>OXCARBAZEPINA 60MG\/ML<\/li><li>PARACETAMOL 200MG\/ML SOL.ORAL 15ML | Frasco 10 ml<\/li><li>PARACETAMOL 500 MG CP | Comprimido<\/li><li>PAROXETINA 20 MG<\/li><li>PERICIAZINA 1% 20 ML (NEULEPTIL)<\/li><li>PERMETRINA 1% LO\u00c7\u00c3O 60 ML<\/li><li>PREDNISONA 20MG CP<\/li><li>PREDNISONA 5MG CP<\/li><li>PREGABALINA 150MG | C\u00e1psula<\/li><li>PREGABALINA 75 MG | C\u00e1psula<\/li><li>PROLOPA 100\/25MG CP | Comprimido<\/li><li>PROLOPA 200\/50MG CP | Comprimido<\/li><li>PROMETAZINA 25MG CP | Comprimido<\/li><li>PROPRANOLOL 40 MG CP | Comprimido<\/li><li>REIDRATANTE ORAL | Envelope 8,5 g<\/li><li>RISPERIDONA 1MG | Comprimido<\/li><li>RISPERIDONA 3MG<\/li><li>RISPERIDONA SOLU\u00c7\u00c3O ORAL 1MG\/ML | Frasco 30 ml<\/li><li>SERINGA 1 ML (INSULINA)<\/li><li>SIMETICONA 75MG\/ML GOTAS<\/li><li>SULFAMETOXAZOL 400MG+TRIMETOPRIMA 80MG CP | Comprimido<\/li><li>SULFAMETOXAZOL 40MG\/ML+TRIMETOPRIMA 8MG\/ML SUSP.ORAL 50 ML<\/li><li>SULFATO FERROSO 25 MG\/ML SOL.ORAL 100ML | Frasco 30 ml<\/li><li>SULFATO FERROSO 40MG CP | Comprimido<\/li><li>TIRAS-TESTE GLICEMIA ACCU CHECK<\/li><li>VALPROATO DE SODIO 250MG | Comprimido<\/li><li>VALPROATO DE SODIO 500MG<\/li><li>VILDAGLIPTINA + METFORMINA 50\/1000 MG | Comprimido<\/li><li>VILDAGLIPTINA + METFORMINA 50\/850 MG | Comprimido<\/li><li>VILDAGLIPTINA 50MG | Comprimido<\/li><li>VITAMINA D GOTAS 1000 UI\/GOTA<\/li><\/ul>\t\t\t\t\t\t\t\t<\/div>\n\t\t\t\t<\/div>\n\t\t\t\t\t<\/div>\n\t\t<\/div>\n\t\t\t\t\t<\/div>\n\t\t<\/section>\n\t\t\t\t\t<\/div>\n\t\t<\/div>\n\t\t\t\t\t<\/div>\n\t\t<\/section>\n\t\t\t\t<\/div>\n\t\t","protected":false},"excerpt":{"rendered":"<p>Acesso via QR Code da p\u00e1gina \u00a0 Clique na imagem para ampliar ou compartilhar em suas redes sociais Como chegar Lista do REMUME: ATEN\u00c7\u00c3O: Esta \u00e9 uma lista geral de medicamentos normalmente disponibilizados pelo munic\u00edpio, a disponibilidade de estoque dever\u00e1 ser consultada diretamente no local RELA\u00c7\u00c3O MUNICIPAL DE MEDICAMENTO ACICLOVIR 200MG | Comprimido ACIDO ACETIL [&hellip;]<\/p>\n<div class=\"pvc_clear\"><\/div>\n<p id=\"pvc_stats_2257\" class=\"pvc_stats all  \" data-element-id=\"2257\" style=\"\"><i class=\"pvc-stats-icon medium\" aria-hidden=\"true\"><svg xmlns=\"http:\/\/www.w3.org\/2000\/svg\" version=\"1.0\" viewBox=\"0 0 502 315\" preserveAspectRatio=\"xMidYMid meet\"><g transform=\"translate(0,332) scale(0.1,-0.1)\" fill=\"\" stroke=\"none\"><path d=\"M2394 3279 l-29 -30 -3 -207 c-2 -182 0 -211 15 -242 39 -76 157 -76 196 0 15 31 17 60 15 243 l-3 209 -33 29 c-26 23 -41 29 -80 29 -41 0 -53 -5 -78 -31z\"\/><path d=\"M3085 3251 c-45 -19 -58 -50 -96 -229 -47 -217 -49 -260 -13 -295 52 -53 146 -42 177 20 16 31 87 366 87 410 0 70 -86 122 -155 94z\"\/><path d=\"M1751 3234 c-13 -9 -29 -31 -37 -50 -12 -29 -10 -49 21 -204 19 -94 39 -189 45 -210 14 -50 54 -80 110 -80 34 0 48 6 76 34 21 21 34 44 34 59 0 14 -18 113 -40 219 -37 178 -43 195 -70 221 -36 32 -101 37 -139 11z\"\/><path d=\"M1163 3073 c-36 -7 -73 -59 -73 -102 0 -56 133 -378 171 -413 34 -32 83 -37 129 -13 70 36 67 87 -16 290 -86 209 -89 214 -129 231 -35 14 -42 15 -82 7z\"\/><path d=\"M3689 3066 c-15 -9 -33 -30 -42 -48 -48 -103 -147 -355 -147 -375 0 -98 131 -148 192 -74 13 15 57 108 97 206 80 196 84 226 37 273 -30 30 -99 39 -137 18z\"\/><path d=\"M583 2784 c-38 -19 -67 -74 -58 -113 9 -42 211 -354 242 -373 16 -10 45 -18 66 -18 51 0 107 52 107 100 0 39 -1 41 -124 234 -80 126 -108 162 -133 173 -41 17 -61 16 -100 -3z\"\/><path d=\"M4250 2784 c-14 -9 -74 -91 -133 -183 -95 -150 -107 -173 -107 -213 0 -55 33 -94 87 -104 67 -13 90 8 211 198 130 202 137 225 78 284 -27 27 -42 34 -72 34 -22 0 -50 -8 -64 -16z\"\/><path d=\"M2275 2693 c-553 -48 -1095 -270 -1585 -649 -135 -104 -459 -423 -483 -476 -23 -49 -22 -139 2 -186 73 -142 361 -457 571 -626 285 -228 642 -407 990 -497 242 -63 336 -73 660 -74 310 0 370 5 595 52 535 111 1045 392 1455 803 122 121 250 273 275 326 19 41 19 137 0 174 -41 79 -309 363 -465 492 -447 370 -946 591 -1479 653 -113 14 -422 18 -536 8z m395 -428 c171 -34 330 -124 456 -258 112 -119 167 -219 211 -378 27 -96 24 -300 -5 -401 -72 -255 -236 -447 -474 -557 -132 -62 -201 -76 -368 -76 -167 0 -236 14 -368 76 -213 98 -373 271 -451 485 -162 444 86 934 547 1084 153 49 292 57 452 25z m909 -232 c222 -123 408 -262 593 -441 76 -74 138 -139 138 -144 0 -16 -233 -242 -330 -319 -155 -123 -309 -223 -461 -299 l-81 -41 32 46 c18 26 49 83 70 128 143 306 141 649 -6 957 -25 52 -61 116 -79 142 l-34 47 45 -20 c26 -10 76 -36 113 -56z m-2057 25 c-40 -58 -105 -190 -130 -263 -110 -324 -59 -707 132 -981 25 -35 42 -64 37 -64 -19 0 -241 119 -326 174 -188 122 -406 314 -532 468 l-58 71 108 103 c185 178 428 349 672 473 66 33 121 60 123 61 2 0 -10 -19 -26 -42z\"\/><path d=\"M2375 1950 c-198 -44 -350 -190 -395 -379 -18 -76 -8 -221 19 -290 114 -284 457 -406 731 -260 98 52 188 154 231 260 27 69 37 214 19 290 -38 163 -166 304 -326 360 -67 23 -215 33 -279 19z\"\/><\/g><\/svg><\/i> <img decoding=\"async\" width=\"16\" height=\"16\" alt=\"Loading\" src=\"https:\/\/inges.org.br\/remume\/wp-content\/plugins\/page-views-count\/ajax-loader-2x.gif\" border=0 \/><\/p>\n<div class=\"pvc_clear\"><\/div>\n","protected":false},"author":1,"featured_media":0,"parent":0,"menu_order":0,"comment_status":"closed","ping_status":"closed","template":"","meta":{"site-sidebar-layout":"default","site-content-layout":"","ast-site-content-layout":"default","site-content-style":"default","site-sidebar-style":"default","ast-global-header-display":"","ast-banner-title-visibility":"","ast-main-header-display":"","ast-hfb-above-header-display":"","ast-hfb-below-header-display":"","ast-hfb-mobile-header-display":"","site-post-title":"","ast-breadcrumbs-content":"","ast-featured-img":"","footer-sml-layout":"","ast-disable-related-posts":"","theme-transparent-header-meta":"","adv-header-id-meta":"","stick-header-meta":"","header-above-stick-meta":"","header-main-stick-meta":"","header-below-stick-meta":"","astra-migrate-meta-layouts":"default","ast-page-background-enabled":"default","ast-page-background-meta":{"desktop":{"background-color":"var(--ast-global-color-4)","background-image":"","background-repeat":"repeat","background-position":"center center","background-size":"auto","background-attachment":"scroll","background-type":"","background-media":"","overlay-type":"","overlay-color":"","overlay-opacity":"","overlay-gradient":""},"tablet":{"background-color":"","background-image":"","background-repeat":"repeat","background-position":"center center","background-size":"auto","background-attachment":"scroll","background-type":"","background-media":"","overlay-type":"","overlay-color":"","overlay-opacity":"","overlay-gradient":""},"mobile":{"background-color":"","background-image":"","background-repeat":"repeat","background-position":"center center","background-size":"auto","background-attachment":"scroll","background-type":"","background-media":"","overlay-type":"","overlay-color":"","overlay-opacity":"","overlay-gradient":""}},"ast-content-background-meta":{"desktop":{"background-color":"var(--ast-global-color-5)","background-image":"","background-repeat":"repeat","background-position":"center center","background-size":"auto","background-attachment":"scroll","background-type":"","background-media":"","overlay-type":"","overlay-color":"","overlay-opacity":"","overlay-gradient":""},"tablet":{"background-color":"var(--ast-global-color-5)","background-image":"","background-repeat":"repeat","background-position":"center center","background-size":"auto","background-attachment":"scroll","background-type":"","background-media":"","overlay-type":"","overlay-color":"","overlay-opacity":"","overlay-gradient":""},"mobile":{"background-color":"var(--ast-global-color-5)","background-image":"","background-repeat":"repeat","background-position":"center center","background-size":"auto","background-attachment":"scroll","background-type":"","background-media":"","overlay-type":"","overlay-color":"","overlay-opacity":"","overlay-gradient":""}},"footnotes":""},"class_list":["post-2257","page","type-page","status-publish","hentry"],"a3_pvc":{"activated":true,"total_views":0,"today_views":0},"_links":{"self":[{"href":"https:\/\/inges.org.br\/remume\/wp-json\/wp\/v2\/pages\/2257","targetHints":{"allow":["GET"]}}],"collection":[{"href":"https:\/\/inges.org.br\/remume\/wp-json\/wp\/v2\/pages"}],"about":[{"href":"https:\/\/inges.org.br\/remume\/wp-json\/wp\/v2\/types\/page"}],"author":[{"embeddable":true,"href":"https:\/\/inges.org.br\/remume\/wp-json\/wp\/v2\/users\/1"}],"replies":[{"embeddable":true,"href":"https:\/\/inges.org.br\/remume\/wp-json\/wp\/v2\/comments?post=2257"}],"version-history":[{"count":10,"href":"https:\/\/inges.org.br\/remume\/wp-json\/wp\/v2\/pages\/2257\/revisions"}],"predecessor-version":[{"id":2269,"href":"https:\/\/inges.org.br\/remume\/wp-json\/wp\/v2\/pages\/2257\/revisions\/2269"}],"wp:attachment":[{"href":"https:\/\/inges.org.br\/remume\/wp-json\/wp\/v2\/media?parent=2257"}],"curies":[{"name":"wp","href":"https:\/\/api.w.org\/{rel}","templated":true}]}}